{"id":835,"date":"2019-10-25T12:12:40","date_gmt":"2019-10-25T09:12:40","guid":{"rendered":"http:\/\/elifarslan.com\/about\/"},"modified":"2025-05-05T12:51:43","modified_gmt":"2025-05-05T09:51:43","slug":"hakkimizda","status":"publish","type":"page","link":"https:\/\/elifarslan.com\/tr\/hakkimizda\/","title":{"rendered":"HAKKIMIZDA"},"content":{"rendered":"<div class=\"wpb-content-wrapper\"><p>[vc_row css_animation=&#8221;&#8221; row_type=&#8221;row&#8221; use_row_as_full_screen_section=&#8221;no&#8221; type=&#8221;grid&#8221; angled_section=&#8221;no&#8221; text_align=&#8221;left&#8221; background_image_as_pattern=&#8221;without_pattern&#8221; css=&#8221;.vc_custom_1741787884322{padding-top: 30px !important;padding-bottom: 30px !important;}&#8221; z_index=&#8221;&#8221;][vc_column width=&#8221;1\/2&#8243;][vc_single_image image=&#8221;5876&#8243; img_size=&#8221;large&#8221; css=&#8221;&#8221; qode_css_animation=&#8221;&#8221;][\/vc_column][vc_column width=&#8221;1\/2&#8243;][vc_column_text css=&#8221;&#8221;]<\/p>\n<h2 class=\"elementor-heading-title elementor-size-default\">EL\u0130F ARSLAN ERG\u00dcN<\/h2>\n<p>[\/vc_column_text][vc_column_text css=&#8221;&#8221;]Tasar\u0131m ve mimarl\u0131\u011fa olan tutkusu \u00e7ocuk ya\u015flarda ba\u015flayan Elif Arslan, 2009 y\u0131l\u0131nda Bilkent \u00dcniversitesi \u0130\u00e7 Mimarl\u0131k B\u00f6l\u00fcm\u00fcnden mezun olmu\u015ftur. \u0130\u00e7 Mimarl\u0131k e\u011fitimini, 2010 y\u0131l\u0131nda Scuola Politecnica di Design, Milan\u2019da Master derecesiyle devam ettirip, bu e\u011fitimin ard\u0131ndan Milan\u2019 da tasar\u0131m \u00fczerine staj\u0131n\u0131 tamamlam\u0131\u015ft\u0131r.<\/p>\n<p>&nbsp;<\/p>\n<p>2010 y\u0131l\u0131nda kurdu\u011fu\u00a0Terra \u0130\u00e7 Mimarl\u0131k firmas\u0131nda; Konut, ma\u011faza,\u00a0ofis\u00a0projelerinde tasar\u0131m, uygulama ve proje dan\u0131\u015fmanl\u0131k alanlar\u0131 ile ilgilenmektedir.[\/vc_column_text][\/vc_column][\/vc_row][vc_row css_animation=&#8221;&#8221; row_type=&#8221;row&#8221; use_row_as_full_screen_section=&#8221;no&#8221; type=&#8221;grid&#8221; angled_section=&#8221;no&#8221; text_align=&#8221;left&#8221; background_image_as_pattern=&#8221;without_pattern&#8221; css=&#8221;.vc_custom_1741787912603{padding-top: 30px !important;padding-bottom: 30px !important;}&#8221; z_index=&#8221;&#8221;][vc_column width=&#8221;1\/2&#8243;][vc_single_image image=&#8221;2582&#8243; img_size=&#8221;large&#8221; css=&#8221;&#8221; qode_css_animation=&#8221;&#8221;][\/vc_column][vc_column width=&#8221;1\/2&#8243;][vc_column_text css=&#8221;&#8221;]<\/p>\n<h2 class=\"elementor-heading-title elementor-size-default\">ZAMANSIZ TASARIM<\/h2>\n<p>[\/vc_column_text][vc_column_text css=&#8221;&#8221;]\u00dczerinde \u00e7al\u0131\u015ft\u0131\u011f\u0131m\u0131z her proje i\u00e7in ana prensipimiz mekanlar\u0131n \u00f6l\u00e7eklerini g\u00f6z \u00f6n\u00fcnde tutarak, detay \u00e7\u00f6z\u00fcmleri ile zamans\u0131z tasar\u0131m\u0131 yakalamakt\u0131r.[\/vc_column_text][\/vc_column][\/vc_row]<\/p>\n<\/div>","protected":false},"excerpt":{"rendered":"<p>[vc_row css_animation=&#8221;&#8221; row_type=&#8221;row&#8221; use_row_as_full_screen_section=&#8221;no&#8221; type=&#8221;grid&#8221; angled_section=&#8221;no&#8221; text_align=&#8221;left&#8221; background_image_as_pattern=&#8221;without_pattern&#8221; css=&#8221;.vc_custom_1741787884322{padding-top: 30px !important;padding-bottom: 30px !important;}&#8221; z_index=&#8221;&#8221;][vc_column width=&#8221;1\/2&#8243;][vc_single_image image=&#8221;5876&#8243; img_size=&#8221;large&#8221; css=&#8221;&#8221; qode_css_animation=&#8221;&#8221;][\/vc_column][vc_column width=&#8221;1\/2&#8243;][vc_column_text css=&#8221;&#8221;] EL\u0130F ARSLAN ERG\u00dcN [\/vc_column_text][vc_column_text css=&#8221;&#8221;]Tasar\u0131m ve mimarl\u0131\u011fa olan tutkusu \u00e7ocuk ya\u015flarda ba\u015flayan Elif Arslan, 2009 y\u0131l\u0131nda Bilkent \u00dcniversitesi \u0130\u00e7 Mimarl\u0131k B\u00f6l\u00fcm\u00fcnden mezun olmu\u015ftur. \u0130\u00e7&#8230;<\/p>\n","protected":false},"author":1,"featured_media":0,"parent":0,"menu_order":0,"comment_status":"closed","ping_status":"closed","template":"","meta":{"_acf_changed":false,"om_disable_all_campaigns":false,"_monsterinsights_skip_tracking":false,"_monsterinsights_sitenote_active":false,"_monsterinsights_sitenote_note":"","_monsterinsights_sitenote_category":0,"footnotes":""},"class_list":["post-835","page","type-page","status-publish","hentry"],"acf":[],"aioseo_notices":[],"_links":{"self":[{"href":"https:\/\/elifarslan.com\/tr\/wp-json\/wp\/v2\/pages\/835","targetHints":{"allow":["GET"]}}],"collection":[{"href":"https:\/\/elifarslan.com\/tr\/wp-json\/wp\/v2\/pages"}],"about":[{"href":"https:\/\/elifarslan.com\/tr\/wp-json\/wp\/v2\/types\/page"}],"author":[{"embeddable":true,"href":"https:\/\/elifarslan.com\/tr\/wp-json\/wp\/v2\/users\/1"}],"replies":[{"embeddable":true,"href":"https:\/\/elifarslan.com\/tr\/wp-json\/wp\/v2\/comments?post=835"}],"version-history":[{"count":66,"href":"https:\/\/elifarslan.com\/tr\/wp-json\/wp\/v2\/pages\/835\/revisions"}],"predecessor-version":[{"id":5878,"href":"https:\/\/elifarslan.com\/tr\/wp-json\/wp\/v2\/pages\/835\/revisions\/5878"}],"wp:attachment":[{"href":"https:\/\/elifarslan.com\/tr\/wp-json\/wp\/v2\/media?parent=835"}],"curies":[{"name":"wp","href":"https:\/\/api.w.org\/{rel}","templated":true}]}}